{"id":471,"date":"2023-04-18T17:22:19","date_gmt":"2023-04-18T17:22:19","guid":{"rendered":"http:\/\/localhost\/wordpress\/?page_id=471"},"modified":"2023-08-01T12:13:20","modified_gmt":"2023-08-01T12:13:20","slug":"campana-si-a-la-organica","status":"publish","type":"page","link":"https:\/\/lorenacampo.com\/index.php\/campana-si-a-la-organica\/","title":{"rendered":"Campa\u00f1a S\u00ed a la organica!"},"content":{"rendered":"<p>[et_pb_section fb_built=\u00bb1&#8243; admin_label=\u00bbHeader\u00bb _builder_version=\u00bb4.20.2&#8243; _module_preset=\u00bbdefault\u00bb custom_margin_tablet=\u00bb\u00bb custom_margin_phone=\u00bb-12%||||false|false\u00bb custom_margin_last_edited=\u00bbon|phone\u00bb collapsed=\u00bbon\u00bb global_colors_info=\u00bb{}\u00bb][et_pb_row _builder_version=\u00bb4.18.0&#8243; _module_preset=\u00bbdefault\u00bb border_color_all=\u00bb#000000&#8243; border_width_bottom=\u00bb1px\u00bb global_colors_info=\u00bb{}\u00bb][et_pb_column type=\u00bb4_4&#8243; _builder_version=\u00bb4.18.0&#8243; _module_preset=\u00bbdefault\u00bb global_colors_info=\u00bb{}\u00bb][et_pb_text _builder_version=\u00bb4.20.2&#8243; _module_preset=\u00bbc16985e1-e0d6-4022-964d-e2bfc04fa633&#8243; header_font=\u00bbhazelnut medium|500|||||||\u00bb header_text_color=\u00bbgcid-f4456b1a-3981-4d56-b88c-d51786b63b7b\u00bb header_font_size=\u00bb50px\u00bb header_line_height=\u00bb1.2em\u00bb header_2_font=\u00bbhazelnut regualr||||||||\u00bb header_2_text_color=\u00bbgcid-48519c2e-6c20-414a-899e-44ae274ca7e8&#8243; header_2_font_size=\u00bb35px\u00bb custom_margin=\u00bb||||false|false\u00bb hover_enabled=\u00bb0&#8243; header_font_size_tablet=\u00bb40px\u00bb header_font_size_phone=\u00bb24px\u00bb header_font_size_last_edited=\u00bbon|desktop\u00bb header_2_font_last_edited=\u00bbon|desktop\u00bb header_2_font_size_tablet=\u00bb30px\u00bb header_2_font_size_last_edited=\u00bbon|desktop\u00bb global_colors_info=\u00bb{%22gcid-f4456b1a-3981-4d56-b88c-d51786b63b7b%22:%91%22header_text_color%22%93,%22gcid-48519c2e-6c20-414a-899e-44ae274ca7e8%22:%91%22header_2_text_color%22%93}\u00bb sticky_enabled=\u00bb0&#8243; header_2_font_size_phone=\u00bb25px\u00bb header_2_line_height_last_edited=\u00bbon|phone\u00bb header_2_line_height_phone=\u00bb1.2em\u00bb header_2_font_tablet=\u00bbhazelnut regualr||||||||\u00bb header_2_font_phone=\u00bbhazelnut regualr||||||||\u00bb]<\/p>\n<h1>Campa\u00f1a<\/h1>\n<h2>\u00abSi a la Org\u00e1nica! S\u00ed al marr\u00f3n!\u00bb.<\/h2>\n<p>[\/et_pb_text][\/et_pb_column][\/et_pb_row][et_pb_row column_structure=\u00bb1_2,1_4,1_4&#8243; _builder_version=\u00bb4.20.2&#8243; _module_preset=\u00bbdefault\u00bb global_colors_info=\u00bb{}\u00bb][et_pb_column type=\u00bb1_2&#8243; _builder_version=\u00bb4.18.0&#8243; _module_preset=\u00bbdefault\u00bb global_colors_info=\u00bb{}\u00bb][et_pb_text _builder_version=\u00bb4.20.2&#8243; _module_preset=\u00bbaaa7c440-590a-4078-ae0c-0f3c699ac51c\u00bb header_font=\u00bb||||||||\u00bb header_3_font=\u00bbhazelnut medium|500|||||||\u00bb header_3_text_color=\u00bbgcid-48519c2e-6c20-414a-899e-44ae274ca7e8&#8243; header_3_font_size=\u00bb25px\u00bb header_3_line_height=\u00bb1.4em\u00bb header_4_font=\u00bbhazelnut regualr||||||||\u00bb header_4_text_color=\u00bbgcid-f4456b1a-3981-4d56-b88c-d51786b63b7b\u00bb header_4_font_size=\u00bb20px\u00bb header_4_line_height=\u00bb1.2em\u00bb hover_enabled=\u00bb0&#8243; header_3_font_size_tablet=\u00bb20px\u00bb header_3_font_size_phone=\u00bb18px\u00bb header_3_font_size_last_edited=\u00bbon|phone\u00bb global_colors_info=\u00bb{%22gcid-48519c2e-6c20-414a-899e-44ae274ca7e8%22:%91%22header_3_text_color%22%93,%22gcid-f4456b1a-3981-4d56-b88c-d51786b63b7b%22:%91%22header_4_text_color%22%93}\u00bb sticky_enabled=\u00bb0&#8243; header_4_font_size_last_edited=\u00bbon|phone\u00bb header_4_font_size_phone=\u00bb18px\u00bb header_4_font_size_tablet=\u00bb20px\u00bb]<\/p>\n<h3>Campa\u00f1a de informaci\u00f3n y sensibilizaci\u00f3n ambiental.\u00bbSi a la Org\u00e1nica! S\u00ed al marr\u00f3n!\u00bb<\/h3>\n<h4>N\u00f3madas Educaci\u00f3n y gesti\u00f3n ambiental y Agrupaci\u00f3n Consorcio n\u00ba8 Teruel. A\u00f1o 2018.<\/h4>\n<p>[\/et_pb_text][\/et_pb_column][et_pb_column type=\u00bb1_4&#8243; _builder_version=\u00bb4.18.0&#8243; _module_preset=\u00bbdefault\u00bb global_colors_info=\u00bb{}\u00bb][et_pb_text _builder_version=\u00bb4.20.2&#8243; _module_preset=\u00bb4c43b4b6-66bf-432d-959a-705bda24a650&#8243; text_font=\u00bbhazelnut regualr||||||||\u00bb text_font_size=\u00bb16px\u00bb text_line_height=\u00bb1.6em\u00bb header_font_size_tablet=\u00bb55px\u00bb header_font_size_last_edited=\u00bboff|desktop\u00bb global_colors_info=\u00bb{}\u00bb]<\/p>\n<p>Campa\u00f1a de informaci\u00f3n y sensibilizaci\u00f3n a la poblaci\u00f3n de los beneficios de la recogida separada de la materia org\u00e1nica.<\/p>\n<p>[\/et_pb_text][\/et_pb_column][et_pb_column type=\u00bb1_4&#8243; _builder_version=\u00bb4.18.0&#8243; _module_preset=\u00bbdefault\u00bb global_colors_info=\u00bb{}\u00bb][et_pb_text _builder_version=\u00bb4.20.2&#8243; _module_preset=\u00bb4c43b4b6-66bf-432d-959a-705bda24a650&#8243; text_font=\u00bbhazelnut regualr||||||||\u00bb text_font_size=\u00bb16px\u00bb text_line_height=\u00bb1.6em\u00bb header_font_size_tablet=\u00bb55px\u00bb header_font_size_last_edited=\u00bboff|desktop\u00bb locked=\u00bboff\u00bb global_colors_info=\u00bb{}\u00bb]<\/p>\n<p>Dise\u00f1o del punto informativo itinerante y de los diferentes soportes y formatos de la campa\u00f1a.<\/p>\n<p>[\/et_pb_text][\/et_pb_column][\/et_pb_row][\/et_pb_section][et_pb_section fb_built=\u00bb1&#8243; admin_label=\u00bbHeader\u00bb _builder_version=\u00bb4.20.2&#8243; _module_preset=\u00bbdefault\u00bb custom_margin=\u00bb-5%||||false|false\u00bb custom_margin_tablet=\u00bb-18%||||false|false\u00bb custom_margin_phone=\u00bb-25%||||false|false\u00bb custom_margin_last_edited=\u00bbon|tablet\u00bb collapsed=\u00bbon\u00bb global_colors_info=\u00bb{}\u00bb][et_pb_row _builder_version=\u00bb4.18.0&#8243; _module_preset=\u00bbdefault\u00bb border_color_all=\u00bb#000000&#8243; border_width_bottom=\u00bb1px\u00bb global_colors_info=\u00bb{}\u00bb][et_pb_column type=\u00bb4_4&#8243; _builder_version=\u00bb4.18.0&#8243; _module_preset=\u00bbdefault\u00bb global_colors_info=\u00bb{}\u00bb][et_pb_text _builder_version=\u00bb4.20.2&#8243; _module_preset=\u00bbc16985e1-e0d6-4022-964d-e2bfc04fa633&#8243; header_font=\u00bbhazelnut medium|500|||||||\u00bb header_text_color=\u00bbgcid-f4456b1a-3981-4d56-b88c-d51786b63b7b\u00bb header_font_size=\u00bb40px\u00bb header_line_height=\u00bb1.2em\u00bb custom_margin=\u00bb||||false|false\u00bb header_font_size_tablet=\u00bb40px\u00bb header_font_size_phone=\u00bb24px\u00bb header_font_size_last_edited=\u00bbon|desktop\u00bb global_colors_info=\u00bb{%22gcid-f4456b1a-3981-4d56-b88c-d51786b63b7b%22:%91%22header_text_color%22%93}\u00bb]<\/p>\n<h1>D\u00edptico de la campa\u00f1a<\/h1>\n<p>[\/et_pb_text][\/et_pb_column][\/et_pb_row][et_pb_row _builder_version=\u00bb4.20.2&#8243; _module_preset=\u00bbdefault\u00bb global_colors_info=\u00bb{}\u00bb][et_pb_column type=\u00bb4_4&#8243; _builder_version=\u00bb4.20.2&#8243; _module_preset=\u00bbdefault\u00bb global_colors_info=\u00bb{}\u00bb][et_pb_image src=\u00bbhttp:\/\/lorenacampo.com\/wp-content\/uploads\/2023\/03\/diptico-organica_mockup_web.jpg\u00bb title_text=\u00bbdiptico-organica_mockup_web\u00bb show_in_lightbox=\u00bbon\u00bb _builder_version=\u00bb4.20.2&#8243; _module_preset=\u00bbdefault\u00bb global_colors_info=\u00bb{}\u00bb][\/et_pb_image][\/et_pb_column][\/et_pb_row][et_pb_row _builder_version=\u00bb4.20.2&#8243; _module_preset=\u00bbdefault\u00bb border_color_all=\u00bb#000000&#8243; border_style_all=\u00bbnone\u00bb border_width_bottom=\u00bb1px\u00bb global_colors_info=\u00bb{}\u00bb][et_pb_column type=\u00bb4_4&#8243; _builder_version=\u00bb4.18.0&#8243; _module_preset=\u00bbdefault\u00bb global_colors_info=\u00bb{}\u00bb][et_pb_text _builder_version=\u00bb4.20.2&#8243; _module_preset=\u00bbc16985e1-e0d6-4022-964d-e2bfc04fa633&#8243; header_font=\u00bbhazelnut medium|500|||||||\u00bb header_text_color=\u00bbgcid-f4456b1a-3981-4d56-b88c-d51786b63b7b\u00bb header_font_size=\u00bb40px\u00bb header_line_height=\u00bb1.2em\u00bb custom_margin=\u00bb||||false|false\u00bb header_font_size_tablet=\u00bb40px\u00bb header_font_size_phone=\u00bb24px\u00bb header_font_size_last_edited=\u00bbon|desktop\u00bb global_colors_info=\u00bb{%22gcid-f4456b1a-3981-4d56-b88c-d51786b63b7b%22:%91%22header_text_color%22%93}\u00bb]<\/p>\n<h1>Punto Informativo de la campa\u00f1a<\/h1>\n<p>[\/et_pb_text][et_pb_divider color=\u00bb#000000&#8243; _builder_version=\u00bb4.20.2&#8243; _module_preset=\u00bbdefault\u00bb custom_margin=\u00bb-2%||||false|false\u00bb global_colors_info=\u00bb{}\u00bb][\/et_pb_divider][\/et_pb_column][\/et_pb_row][\/et_pb_section][et_pb_section fb_built=\u00bb1&#8243; admin_label=\u00bbProject Gallery\u00bb _builder_version=\u00bb4.20.2&#8243; _module_preset=\u00bbdefault\u00bb custom_margin=\u00bb-8%||||false|false\u00bb custom_margin_tablet=\u00bb-12%||||false|false\u00bb custom_margin_phone=\u00bb-25%||||false|false\u00bb custom_margin_last_edited=\u00bbon|tablet\u00bb collapsed=\u00bbon\u00bb global_colors_info=\u00bb{}\u00bb][et_pb_row column_structure=\u00bb1_2,1_2&#8243; _builder_version=\u00bb4.20.2&#8243; _module_preset=\u00bbdefault\u00bb max_width=\u00bb1081px\u00bb module_alignment=\u00bbcenter\u00bb custom_padding=\u00bb||0px||false|false\u00bb global_colors_info=\u00bb{}\u00bb][et_pb_column type=\u00bb1_2&#8243; _builder_version=\u00bb4.20.2&#8243; _module_preset=\u00bbdefault\u00bb global_colors_info=\u00bb{}\u00bb][et_pb_image src=\u00bbhttp:\/\/lorenacampo.com\/wp-content\/uploads\/2023\/04\/Punto_informativo_2.jpg\u00bb title_text=\u00bbPunto_informativo_2&#8243; show_in_lightbox=\u00bbon\u00bb align=\u00bbcenter\u00bb _builder_version=\u00bb4.20.2&#8243; _module_preset=\u00bbdefault\u00bb global_colors_info=\u00bb{}\u00bb][\/et_pb_image][\/et_pb_column][et_pb_column type=\u00bb1_2&#8243; _builder_version=\u00bb4.20.2&#8243; _module_preset=\u00bbdefault\u00bb global_colors_info=\u00bb{}\u00bb][et_pb_image src=\u00bbhttp:\/\/lorenacampo.com\/wp-content\/uploads\/2023\/04\/punto_informativo_1.jpg\u00bb title_text=\u00bbpunto_informativo_1&#8243; show_in_lightbox=\u00bbon\u00bb _builder_version=\u00bb4.20.2&#8243; _module_preset=\u00bbdefault\u00bb global_colors_info=\u00bb{}\u00bb][\/et_pb_image][\/et_pb_column][\/et_pb_row][et_pb_row column_structure=\u00bb1_2,1_2&#8243; _builder_version=\u00bb4.20.2&#8243; _module_preset=\u00bbdefault\u00bb max_width=\u00bb1081px\u00bb custom_margin=\u00bb2%||||false|false\u00bb custom_padding=\u00bb||0px||false|false\u00bb global_colors_info=\u00bb{}\u00bb][et_pb_column type=\u00bb1_2&#8243; _builder_version=\u00bb4.18.0&#8243; _module_preset=\u00bbdefault\u00bb global_colors_info=\u00bb{}\u00bb][et_pb_image src=\u00bbhttp:\/\/lorenacampo.com\/wp-content\/uploads\/2023\/04\/juego_organica.jpg\u00bb title_text=\u00bbjuego_organica\u00bb show_in_lightbox=\u00bbon\u00bb _builder_version=\u00bb4.20.2&#8243; _module_preset=\u00bbdefault\u00bb width=\u00bb100%\u00bb module_alignment=\u00bbcenter\u00bb hover_enabled=\u00bb0&#8243; global_colors_info=\u00bb{}\u00bb align_last_edited=\u00bbon|tablet\u00bb align_tablet=\u00bbcenter\u00bb sticky_enabled=\u00bb0&#8243; align_phone=\u00bbcenter\u00bb][\/et_pb_image][\/et_pb_column][et_pb_column type=\u00bb1_2&#8243; _builder_version=\u00bb4.18.0&#8243; _module_preset=\u00bbdefault\u00bb global_colors_info=\u00bb{}\u00bb][et_pb_image src=\u00bbhttp:\/\/lorenacampo.com\/wp-content\/uploads\/2023\/04\/punto_informativo_4.jpg\u00bb title_text=\u00bbpunto_informativo_4&#8243; show_in_lightbox=\u00bbon\u00bb _builder_version=\u00bb4.20.2&#8243; _module_preset=\u00bbdefault\u00bb global_colors_info=\u00bb{}\u00bb][\/et_pb_image][\/et_pb_column][\/et_pb_row][\/et_pb_section][et_pb_section fb_built=\u00bb1&#8243; admin_label=\u00bbFooter\u00bb _builder_version=\u00bb4.20.2&#8243; _module_preset=\u00bbdefault\u00bb background_color=\u00bbgcid-48519c2e-6c20-414a-899e-44ae274ca7e8&#8243; custom_padding=\u00bb||||true|false\u00bb global_module=\u00bb793&#8243; saved_tabs=\u00bball\u00bb collapsed=\u00bbon\u00bb global_colors_info=\u00bb{%22gcid-48519c2e-6c20-414a-899e-44ae274ca7e8%22:%91%22background_color%22%93}\u00bb][et_pb_row column_structure=\u00bb1_2,1_2&#8243; _builder_version=\u00bb4.19.2&#8243; _module_preset=\u00bbdefault\u00bb custom_padding=\u00bb||60px||false|false\u00bb global_colors_info=\u00bb{}\u00bb][et_pb_column type=\u00bb1_2&#8243; _builder_version=\u00bb4.19.2&#8243; _module_preset=\u00bbdefault\u00bb custom_padding_tablet=\u00bb||30px||false|false\u00bb custom_padding_phone=\u00bb\u00bb custom_padding_last_edited=\u00bbon|tablet\u00bb global_colors_info=\u00bb{}\u00bb][et_pb_text _builder_version=\u00bb4.20.2&#8243; _module_preset=\u00bb68f8cfa7-8d3a-4dca-8df7-1a5a6cd09637&#8243; header_3_font=\u00bbhazelnut bold||||||||\u00bb header_3_text_color=\u00bb#FFFFFF\u00bb header_3_font_tablet=\u00bb\u00bb header_3_font_phone=\u00bb\u00bb header_3_font_last_edited=\u00bbon|phone\u00bb header_3_font_size_phone=\u00bb18px\u00bb global_colors_info=\u00bb{}\u00bb]<\/p>\n<h3>Lorena Campo<\/h3>\n<p>[\/et_pb_text][et_pb_text content_tablet=\u00bb<\/p>\n<p>Puedes llamarme por <strong> tel\u00e9fono<\/strong>, escribir un <strong>e-mail <\/strong>o rellenar el <strong> formulario.<\/strong><\/p>\n<p>\u00bb content_phone=\u00bb<\/p>\n<p>Puedes llamarme por <strong> tel\u00e9fono<\/strong>, escribir un <strong>e-mail <\/strong>o rellenar el <strong> formulario.<\/strong><\/p>\n<p>\u00bb content_last_edited=\u00bbon|phone\u00bb _builder_version=\u00bb4.20.2&#8243; _module_preset=\u00bbbe68ce56-fefe-4451-82fb-1264e5b7535c\u00bb text_font=\u00bbhazelnut regualr||||||||\u00bb text_text_color=\u00bb#FFFFFF\u00bb text_font_size=\u00bb17px\u00bb global_colors_info=\u00bb{}\u00bb]<\/p>\n<p>Puedes llamarme por <strong> tel\u00e9fono<\/strong>, escribir un <strong>e-mail <\/strong><br \/>o rellenar el <strong> formulario.<\/strong><\/p>\n<p>[\/et_pb_text][et_pb_text _builder_version=\u00bb4.20.2&#8243; _module_preset=\u00bbbe68ce56-fefe-4451-82fb-1264e5b7535c\u00bb text_font=\u00bbhazelnut regualr||||||||\u00bb text_text_color=\u00bb#FFFFFF\u00bb global_colors_info=\u00bb{}\u00bb]<\/p>\n<p>San Cristobal s\/n. Apto. 1\u00ba.<br \/>Morillo de Moncl\u00fas. Huesca<br \/>Telf. <strong>686 839 253<\/strong><br \/><strong>creativa@lorenacampo.com<\/strong><\/p>\n<p>[\/et_pb_text][et_pb_social_media_follow _builder_version=\u00bb4.19.2&#8243; _module_preset=\u00bbdefault\u00bb text_orientation=\u00bbleft\u00bb border_radii=\u00bbon|43px|43px|43px|43px\u00bb locked=\u00bboff\u00bb global_colors_info=\u00bb{}\u00bb][et_pb_social_media_follow_network social_network=\u00bbfacebook\u00bb _builder_version=\u00bb4.19.2&#8243; _module_preset=\u00bbdefault\u00bb background_color=\u00bb#000000&#8243; background_enable_color=\u00bbon\u00bb global_colors_info=\u00bb{}\u00bb follow_button=\u00bboff\u00bb url_new_window=\u00bbon\u00bb]facebook[\/et_pb_social_media_follow_network][et_pb_social_media_follow_network social_network=\u00bbtwitter\u00bb _builder_version=\u00bb4.19.2&#8243; _module_preset=\u00bbdefault\u00bb background_color=\u00bb#000000&#8243; background_enable_color=\u00bbon\u00bb global_colors_info=\u00bb{}\u00bb follow_button=\u00bboff\u00bb url_new_window=\u00bbon\u00bb]twitter[\/et_pb_social_media_follow_network][et_pb_social_media_follow_network social_network=\u00bbinstagram\u00bb _builder_version=\u00bb4.19.2&#8243; _module_preset=\u00bbdefault\u00bb background_color=\u00bb#000000&#8243; background_enable_color=\u00bbon\u00bb global_colors_info=\u00bb{}\u00bb follow_button=\u00bboff\u00bb url_new_window=\u00bbon\u00bb]instagram[\/et_pb_social_media_follow_network][et_pb_social_media_follow_network social_network=\u00bbyoutube\u00bb _builder_version=\u00bb4.19.2&#8243; _module_preset=\u00bbdefault\u00bb background_color=\u00bb#000000&#8243; background_enable_color=\u00bbon\u00bb global_colors_info=\u00bb{}\u00bb follow_button=\u00bboff\u00bb url_new_window=\u00bbon\u00bb]youtube[\/et_pb_social_media_follow_network][\/et_pb_social_media_follow][\/et_pb_column][et_pb_column type=\u00bb1_2&#8243; _builder_version=\u00bb4.19.1&#8243; _module_preset=\u00bbdefault\u00bb global_colors_info=\u00bb{}\u00bb][et_pb_contact_form email=\u00bbcreativa@lorenacampo.com\u00bb _builder_version=\u00bb4.20.2&#8243; _module_preset=\u00bb64379a36-a8bf-41e6-b7de-74d5254e01ee\u00bb captcha_font=\u00bbhazelnut regualr|500|||||||\u00bb captcha_text_color=\u00bb#FFFFFF\u00bb captcha_font_size=\u00bb20px\u00bb form_field_font=\u00bbhazelnut medium|600||on|||||\u00bb form_field_letter_spacing=\u00bb1px\u00bb button_font=\u00bbhazelnut regualr|700||on|||||\u00bb custom_margin=\u00bb||||false|false\u00bb locked=\u00bboff\u00bb global_colors_info=\u00bb{}\u00bb][et_pb_contact_field field_id=\u00bbName\u00bb field_title=\u00bbNombre\u00bb fullwidth_field=\u00bbon\u00bb _builder_version=\u00bb4.20.2&#8243; _module_preset=\u00bbdefault\u00bb global_colors_info=\u00bb{}\u00bb button_text_size__hover_enabled=\u00bboff\u00bb button_one_text_size__hover_enabled=\u00bboff\u00bb button_two_text_size__hover_enabled=\u00bboff\u00bb button_text_color__hover_enabled=\u00bboff\u00bb button_one_text_color__hover_enabled=\u00bboff\u00bb button_two_text_color__hover_enabled=\u00bboff\u00bb button_border_width__hover_enabled=\u00bboff\u00bb button_one_border_width__hover_enabled=\u00bboff\u00bb button_two_border_width__hover_enabled=\u00bboff\u00bb button_border_color__hover_enabled=\u00bboff\u00bb button_one_border_color__hover_enabled=\u00bboff\u00bb button_two_border_color__hover_enabled=\u00bboff\u00bb button_border_radius__hover_enabled=\u00bboff\u00bb button_one_border_radius__hover_enabled=\u00bboff\u00bb button_two_border_radius__hover_enabled=\u00bboff\u00bb button_letter_spacing__hover_enabled=\u00bboff\u00bb button_one_letter_spacing__hover_enabled=\u00bboff\u00bb button_two_letter_spacing__hover_enabled=\u00bboff\u00bb button_bg_color__hover_enabled=\u00bboff\u00bb button_one_bg_color__hover_enabled=\u00bboff\u00bb button_two_bg_color__hover_enabled=\u00bboff\u00bb][\/et_pb_contact_field][et_pb_contact_field field_id=\u00bbEmail\u00bb field_title=\u00bbEmail\u00bb field_type=\u00bbemail\u00bb fullwidth_field=\u00bbon\u00bb _builder_version=\u00bb4.20.2&#8243; _module_preset=\u00bbdefault\u00bb global_colors_info=\u00bb{}\u00bb button_text_size__hover_enabled=\u00bboff\u00bb button_one_text_size__hover_enabled=\u00bboff\u00bb button_two_text_size__hover_enabled=\u00bboff\u00bb button_text_color__hover_enabled=\u00bboff\u00bb button_one_text_color__hover_enabled=\u00bboff\u00bb button_two_text_color__hover_enabled=\u00bboff\u00bb button_border_width__hover_enabled=\u00bboff\u00bb button_one_border_width__hover_enabled=\u00bboff\u00bb button_two_border_width__hover_enabled=\u00bboff\u00bb button_border_color__hover_enabled=\u00bboff\u00bb button_one_border_color__hover_enabled=\u00bboff\u00bb button_two_border_color__hover_enabled=\u00bboff\u00bb button_border_radius__hover_enabled=\u00bboff\u00bb button_one_border_radius__hover_enabled=\u00bboff\u00bb button_two_border_radius__hover_enabled=\u00bboff\u00bb button_letter_spacing__hover_enabled=\u00bboff\u00bb button_one_letter_spacing__hover_enabled=\u00bboff\u00bb button_two_letter_spacing__hover_enabled=\u00bboff\u00bb button_bg_color__hover_enabled=\u00bboff\u00bb button_one_bg_color__hover_enabled=\u00bboff\u00bb button_two_bg_color__hover_enabled=\u00bboff\u00bb][\/et_pb_contact_field][et_pb_contact_field field_id=\u00bbMessage\u00bb field_title=\u00bbMensaje\u00bb field_type=\u00bbtext\u00bb fullwidth_field=\u00bbon\u00bb _builder_version=\u00bb4.20.2&#8243; _module_preset=\u00bbdefault\u00bb global_colors_info=\u00bb{}\u00bb button_text_size__hover_enabled=\u00bboff\u00bb button_one_text_size__hover_enabled=\u00bboff\u00bb button_two_text_size__hover_enabled=\u00bboff\u00bb button_text_color__hover_enabled=\u00bboff\u00bb button_one_text_color__hover_enabled=\u00bboff\u00bb button_two_text_color__hover_enabled=\u00bboff\u00bb button_border_width__hover_enabled=\u00bboff\u00bb button_one_border_width__hover_enabled=\u00bboff\u00bb button_two_border_width__hover_enabled=\u00bboff\u00bb button_border_color__hover_enabled=\u00bboff\u00bb button_one_border_color__hover_enabled=\u00bboff\u00bb button_two_border_color__hover_enabled=\u00bboff\u00bb button_border_radius__hover_enabled=\u00bboff\u00bb button_one_border_radius__hover_enabled=\u00bboff\u00bb button_two_border_radius__hover_enabled=\u00bboff\u00bb button_letter_spacing__hover_enabled=\u00bboff\u00bb button_one_letter_spacing__hover_enabled=\u00bboff\u00bb button_two_letter_spacing__hover_enabled=\u00bboff\u00bb button_bg_color__hover_enabled=\u00bboff\u00bb button_one_bg_color__hover_enabled=\u00bboff\u00bb button_two_bg_color__hover_enabled=\u00bboff\u00bb][\/et_pb_contact_field][\/et_pb_contact_form][\/et_pb_column][\/et_pb_row][\/et_pb_section]<\/p>\n","protected":false},"excerpt":{"rendered":"<p>Campa\u00f1a \u00abSi a la Org\u00e1nica! S\u00ed al marr\u00f3n!\u00bb.Campa\u00f1a de informaci\u00f3n y sensibilizaci\u00f3n ambiental.\u00bbSi a la Org\u00e1nica! S\u00ed al marr\u00f3n!\u00bb N\u00f3madas Educaci\u00f3n y gesti\u00f3n ambiental y Agrupaci\u00f3n Consorcio n\u00ba8 Teruel. A\u00f1o 2018. Campa\u00f1a de informaci\u00f3n y sensibilizaci\u00f3n a la poblaci\u00f3n de los beneficios de la recogida separada de la materia org\u00e1nica.Dise\u00f1o del punto informativo itinerante y [&hellip;]<\/p>\n","protected":false},"author":1,"featured_media":0,"parent":0,"menu_order":0,"comment_status":"closed","ping_status":"closed","template":"","meta":{"_et_pb_use_builder":"on","_et_pb_old_content":"","_et_gb_content_width":"","footnotes":""},"class_list":["post-471","page","type-page","status-publish","hentry"],"aioseo_notices":[],"_links":{"self":[{"href":"https:\/\/lorenacampo.com\/index.php\/wp-json\/wp\/v2\/pages\/471","targetHints":{"allow":["GET"]}}],"collection":[{"href":"https:\/\/lorenacampo.com\/index.php\/wp-json\/wp\/v2\/pages"}],"about":[{"href":"https:\/\/lorenacampo.com\/index.php\/wp-json\/wp\/v2\/types\/page"}],"author":[{"embeddable":true,"href":"https:\/\/lorenacampo.com\/index.php\/wp-json\/wp\/v2\/users\/1"}],"replies":[{"embeddable":true,"href":"https:\/\/lorenacampo.com\/index.php\/wp-json\/wp\/v2\/comments?post=471"}],"version-history":[{"count":29,"href":"https:\/\/lorenacampo.com\/index.php\/wp-json\/wp\/v2\/pages\/471\/revisions"}],"predecessor-version":[{"id":1537,"href":"https:\/\/lorenacampo.com\/index.php\/wp-json\/wp\/v2\/pages\/471\/revisions\/1537"}],"wp:attachment":[{"href":"https:\/\/lorenacampo.com\/index.php\/wp-json\/wp\/v2\/media?parent=471"}],"curies":[{"name":"wp","href":"https:\/\/api.w.org\/{rel}","templated":true}]}}