{"id":489,"date":"2023-04-18T17:42:54","date_gmt":"2023-04-18T17:42:54","guid":{"rendered":"http:\/\/localhost\/wordpress\/?page_id=489"},"modified":"2023-08-29T14:30:12","modified_gmt":"2023-08-29T14:30:12","slug":"campanas","status":"publish","type":"page","link":"https:\/\/lorenacampo.com\/index.php\/campanas\/","title":{"rendered":"Campa\u00f1as"},"content":{"rendered":"<p>[et_pb_section fb_built=\u00bb1&#8243; admin_label=\u00bbHeader\u00bb _builder_version=\u00bb4.22.1&#8243; _module_preset=\u00bbdefault\u00bb background_color=\u00bbgcid-339d8179-a55b-4bd7-aba2-86e979101872&#8243; hover_enabled=\u00bb0&#8243; collapsed=\u00bbon\u00bb global_colors_info=\u00bb{%22gcid-339d8179-a55b-4bd7-aba2-86e979101872%22:%91%22background_color%22%93}\u00bb height=\u00bb300px\u00bb sticky_enabled=\u00bb0&#8243; height_last_edited=\u00bbon|phone\u00bb height_phone=\u00bb100px\u00bb height_tablet=\u00bb230px\u00bb][et_pb_row _builder_version=\u00bb4.20.2&#8243; _module_preset=\u00bbdefault\u00bb max_width=\u00bb800px\u00bb custom_margin_tablet=\u00bb\u00bb custom_margin_phone=\u00bb-40px||||false|false\u00bb custom_margin_last_edited=\u00bbon|phone\u00bb global_colors_info=\u00bb{}\u00bb][et_pb_column type=\u00bb4_4&#8243; _builder_version=\u00bb4.20.2&#8243; _module_preset=\u00bbdefault\u00bb global_colors_info=\u00bb{}\u00bb][et_pb_text _builder_version=\u00bb4.22.1&#8243; _module_preset=\u00bbed7f1978-3b40-4887-8e04-d9d866682e55&#8243; header_font=\u00bbhazelnut regualr|600|||||||\u00bb header_text_color=\u00bbgcid-48519c2e-6c20-414a-899e-44ae274ca7e8&#8243; text_orientation=\u00bbcenter\u00bb header_font_size_tablet=\u00bb\u00bb header_font_size_phone=\u00bb\u00bb header_font_size_last_edited=\u00bbon|phone\u00bb border_color_all=\u00bbRGBA(255,255,255,0)\u00bb global_colors_info=\u00bb{%22gcid-48519c2e-6c20-414a-899e-44ae274ca7e8%22:%91%22header_text_color%22%93}\u00bb]<\/p>\n<h1>Campa\u00f1as de sensibilizaci\u00f3n ambiental<\/h1>\n<p>[\/et_pb_text][et_pb_divider color=\u00bbRGBA(255,255,255,0)\u00bb divider_position=\u00bbcenter\u00bb divider_weight=\u00bb22px\u00bb _builder_version=\u00bb4.22.1&#8243; _module_preset=\u00bbdefault\u00bb custom_margin=\u00bb-60px|200px|||false|false\u00bb custom_css_before=\u00bbz-index: 2;\u00bb global_colors_info=\u00bb{}\u00bb][\/et_pb_divider][\/et_pb_column][\/et_pb_row][\/et_pb_section][et_pb_section fb_built=\u00bb1&#8243; admin_label=\u00bbHeader\u00bb _builder_version=\u00bb4.22.1&#8243; _module_preset=\u00bbdefault\u00bb background_color=\u00bbgcid-339d8179-a55b-4bd7-aba2-86e979101872&#8243; custom_margin_tablet=\u00bb\u00bb custom_margin_phone=\u00bb||||false|false\u00bb custom_margin_last_edited=\u00bbon|phone\u00bb hover_enabled=\u00bb0&#8243; locked=\u00bboff\u00bb collapsed=\u00bbon\u00bb global_colors_info=\u00bb{%22gcid-339d8179-a55b-4bd7-aba2-86e979101872%22:%91%22background_color%22%93}\u00bb sticky_enabled=\u00bb0&#8243;][et_pb_row column_structure=\u00bb1_2,1_2&#8243; _builder_version=\u00bb4.19.2&#8243; _module_preset=\u00bbdefault\u00bb global_colors_info=\u00bb{}\u00bb][et_pb_column type=\u00bb1_2&#8243; _builder_version=\u00bb4.19.2&#8243; _module_preset=\u00bbdefault\u00bb global_colors_info=\u00bb{}\u00bb][et_pb_image src=\u00bbhttps:\/\/lorenacampo.com\/wp-content\/uploads\/2023\/04\/Cartel_Oficina_big.jpg\u00bb title_text=\u00bbCartel_Oficina_big\u00bb url=\u00bb@ET-DC@eyJkeW5hbWljIjp0cnVlLCJjb250ZW50IjoicG9zdF9saW5rX3VybF9wYWdlIiwic2V0dGluZ3MiOnsicG9zdF9pZCI6IjQzMiJ9fQ==@\u00bb _builder_version=\u00bb4.20.2&#8243; _dynamic_attributes=\u00bburl\u00bb _module_preset=\u00bbdefault\u00bb locked=\u00bboff\u00bb global_colors_info=\u00bb{}\u00bb][\/et_pb_image][et_pb_text _builder_version=\u00bb4.22.1&#8243; _dynamic_attributes=\u00bblink_option_url\u00bb _module_preset=\u00bb6eb2ce61-dbba-4c5b-9f36-1de264852e16&#8243; header_3_font=\u00bbhazelnut regualr||||||||\u00bb header_3_text_color=\u00bbgcid-48519c2e-6c20-414a-899e-44ae274ca7e8&#8243; header_3_font_size=\u00bb23px\u00bb link_option_url=\u00bb@ET-DC@eyJkeW5hbWljIjp0cnVlLCJjb250ZW50IjoicG9zdF9saW5rX3VybF9wYWdlIiwic2V0dGluZ3MiOnsicG9zdF9pZCI6IjQzMiJ9fQ==@\u00bb hover_enabled=\u00bb0&#8243; locked=\u00bboff\u00bb global_colors_info=\u00bb{%22gcid-48519c2e-6c20-414a-899e-44ae274ca7e8%22:%91%22header_3_text_color%22%93}\u00bb sticky_enabled=\u00bb0&#8243;]<\/p>\n<h3>El momento es \u00a1Ahora! Mejora tus h\u00e1bitos para mejorar el clima<\/h3>\n<p>[\/et_pb_text][\/et_pb_column][et_pb_column type=\u00bb1_2&#8243; _builder_version=\u00bb4.19.2&#8243; _module_preset=\u00bbdefault\u00bb global_colors_info=\u00bb{}\u00bb][et_pb_image src=\u00bbhttps:\/\/lorenacampo.com\/wp-content\/uploads\/2023\/04\/punto_informativo_1.jpg\u00bb title_text=\u00bbpunto_informativo_1&#8243; url=\u00bb@ET-DC@eyJkeW5hbWljIjp0cnVlLCJjb250ZW50IjoicG9zdF9saW5rX3VybF9wYWdlIiwic2V0dGluZ3MiOnsicG9zdF9pZCI6IjQ3MSJ9fQ==@\u00bb _builder_version=\u00bb4.20.2&#8243; _dynamic_attributes=\u00bburl\u00bb _module_preset=\u00bbdefault\u00bb locked=\u00bboff\u00bb global_colors_info=\u00bb{}\u00bb][\/et_pb_image][et_pb_text _builder_version=\u00bb4.22.1&#8243; _dynamic_attributes=\u00bblink_option_url\u00bb _module_preset=\u00bb6eb2ce61-dbba-4c5b-9f36-1de264852e16&#8243; header_3_font=\u00bbhazelnut regualr||||||||\u00bb header_3_text_color=\u00bbgcid-48519c2e-6c20-414a-899e-44ae274ca7e8&#8243; header_3_font_size=\u00bb23px\u00bb link_option_url=\u00bb@ET-DC@eyJkeW5hbWljIjp0cnVlLCJjb250ZW50IjoicG9zdF9saW5rX3VybF9wYWdlIiwic2V0dGluZ3MiOnsicG9zdF9pZCI6IjQ3MSJ9fQ==@\u00bb hover_enabled=\u00bb0&#8243; locked=\u00bboff\u00bb global_colors_info=\u00bb{%22gcid-48519c2e-6c20-414a-899e-44ae274ca7e8%22:%91%22header_3_text_color%22%93}\u00bb sticky_enabled=\u00bb0&#8243;]<\/p>\n<h3>S\u00ed a la org\u00e1nica! S\u00ed al marr\u00f3n!<\/h3>\n<p>[\/et_pb_text][\/et_pb_column][\/et_pb_row][et_pb_row column_structure=\u00bb1_2,1_2&#8243; _builder_version=\u00bb4.19.2&#8243; _module_preset=\u00bbdefault\u00bb global_colors_info=\u00bb{}\u00bb][et_pb_column type=\u00bb1_2&#8243; _builder_version=\u00bb4.19.2&#8243; _module_preset=\u00bbdefault\u00bb global_colors_info=\u00bb{}\u00bb][et_pb_image src=\u00bbhttps:\/\/lorenacampo.com\/wp-content\/uploads\/2023\/04\/campana_organiza.jpg\u00bb title_text=\u00bbcampana_organiza\u00bb url=\u00bb@ET-DC@eyJkeW5hbWljIjp0cnVlLCJjb250ZW50IjoicG9zdF9saW5rX3VybF9wYWdlIiwic2V0dGluZ3MiOnsicG9zdF9pZCI6IjUzMSJ9fQ==@\u00bb _builder_version=\u00bb4.20.2&#8243; _dynamic_attributes=\u00bburl\u00bb _module_preset=\u00bbdefault\u00bb locked=\u00bboff\u00bb global_colors_info=\u00bb{}\u00bb][\/et_pb_image][et_pb_text _builder_version=\u00bb4.22.1&#8243; _dynamic_attributes=\u00bblink_option_url\u00bb _module_preset=\u00bb6eb2ce61-dbba-4c5b-9f36-1de264852e16&#8243; header_3_font=\u00bbhazelnut regualr||||||||\u00bb header_3_text_color=\u00bbgcid-48519c2e-6c20-414a-899e-44ae274ca7e8&#8243; header_3_font_size=\u00bb23px\u00bb link_option_url=\u00bb@ET-DC@eyJkeW5hbWljIjp0cnVlLCJjb250ZW50IjoicG9zdF9saW5rX3VybF9wYWdlIiwic2V0dGluZ3MiOnsicG9zdF9pZCI6IjUzMSJ9fQ==@\u00bb hover_enabled=\u00bb0&#8243; locked=\u00bboff\u00bb global_colors_info=\u00bb{%22gcid-48519c2e-6c20-414a-899e-44ae274ca7e8%22:%91%22header_3_text_color%22%93}\u00bb sticky_enabled=\u00bb0&#8243;]<\/p>\n<h3>Organiza organizando&#8230;menos desperdicios alimentarios estamos generando<\/h3>\n<p>[\/et_pb_text][\/et_pb_column][et_pb_column type=\u00bb1_2&#8243; _builder_version=\u00bb4.19.2&#8243; _module_preset=\u00bbdefault\u00bb global_colors_info=\u00bb{}\u00bb][et_pb_image src=\u00bbhttps:\/\/lorenacampo.com\/wp-content\/uploads\/2023\/04\/carpa_dentro-1.jpg\u00bb title_text=\u00bbcarpa_dentro\u00bb url=\u00bb@ET-DC@eyJkeW5hbWljIjp0cnVlLCJjb250ZW50IjoicG9zdF9saW5rX3VybF9wYWdlIiwic2V0dGluZ3MiOnsicG9zdF9pZCI6IjU1OSJ9fQ==@\u00bb _builder_version=\u00bb4.20.2&#8243; _dynamic_attributes=\u00bburl\u00bb _module_preset=\u00bbdefault\u00bb locked=\u00bboff\u00bb global_colors_info=\u00bb{}\u00bb][\/et_pb_image][et_pb_text _builder_version=\u00bb4.22.1&#8243; _dynamic_attributes=\u00bblink_option_url\u00bb _module_preset=\u00bb6eb2ce61-dbba-4c5b-9f36-1de264852e16&#8243; header_3_font=\u00bbhazelnut regualr||||||||\u00bb header_3_text_color=\u00bbgcid-48519c2e-6c20-414a-899e-44ae274ca7e8&#8243; header_3_font_size=\u00bb23px\u00bb link_option_url=\u00bb@ET-DC@eyJkeW5hbWljIjp0cnVlLCJjb250ZW50IjoicG9zdF9saW5rX3VybF9wYWdlIiwic2V0dGluZ3MiOnsicG9zdF9pZCI6IjU1OSJ9fQ==@\u00bb hover_enabled=\u00bb0&#8243; locked=\u00bboff\u00bb global_colors_info=\u00bb{%22gcid-48519c2e-6c20-414a-899e-44ae274ca7e8%22:%91%22header_3_text_color%22%93}\u00bb sticky_enabled=\u00bb0&#8243;]<\/p>\n<h3>Exposici\u00f3n itinerante \u00abGracias por reciclar, tu esfuerzo se notar\u00e1\u00bb<\/h3>\n<p>[\/et_pb_text][\/et_pb_column][\/et_pb_row][\/et_pb_section][et_pb_section fb_built=\u00bb1&#8243; admin_label=\u00bbFooter\u00bb _builder_version=\u00bb4.20.2&#8243; _module_preset=\u00bbdefault\u00bb background_color=\u00bbgcid-48519c2e-6c20-414a-899e-44ae274ca7e8&#8243; custom_margin_tablet=\u00bb0px||||false|false\u00bb custom_margin_phone=\u00bb0%||||false|false\u00bb custom_margin_last_edited=\u00bbon|phone\u00bb custom_padding=\u00bb||||true|false\u00bb global_module=\u00bb793&#8243; saved_tabs=\u00bball\u00bb collapsed=\u00bbon\u00bb global_colors_info=\u00bb{%22gcid-48519c2e-6c20-414a-899e-44ae274ca7e8%22:%91%22background_color%22%93}\u00bb][et_pb_row column_structure=\u00bb1_2,1_2&#8243; _builder_version=\u00bb4.19.2&#8243; _module_preset=\u00bbdefault\u00bb custom_padding=\u00bb||60px||false|false\u00bb global_colors_info=\u00bb{}\u00bb][et_pb_column type=\u00bb1_2&#8243; _builder_version=\u00bb4.19.2&#8243; _module_preset=\u00bbdefault\u00bb custom_padding_tablet=\u00bb||30px||false|false\u00bb custom_padding_phone=\u00bb\u00bb custom_padding_last_edited=\u00bbon|tablet\u00bb global_colors_info=\u00bb{}\u00bb][et_pb_text _builder_version=\u00bb4.20.2&#8243; _module_preset=\u00bb68f8cfa7-8d3a-4dca-8df7-1a5a6cd09637&#8243; header_3_font=\u00bbhazelnut bold||||||||\u00bb header_3_text_color=\u00bb#FFFFFF\u00bb header_3_font_tablet=\u00bb\u00bb header_3_font_phone=\u00bb\u00bb header_3_font_last_edited=\u00bbon|phone\u00bb header_3_font_size_phone=\u00bb18px\u00bb global_colors_info=\u00bb{}\u00bb]<\/p>\n<h3>Lorena Campo<\/h3>\n<p>[\/et_pb_text][et_pb_text content_tablet=\u00bb<\/p>\n<p>Puedes llamarme por <strong> tel\u00e9fono<\/strong>, escribir un <strong>e-mail <\/strong>o rellenar el <strong> formulario.<\/strong><\/p>\n<p>\u00bb content_phone=\u00bb<\/p>\n<p>Puedes llamarme por <strong> tel\u00e9fono<\/strong>, escribir un <strong>e-mail <\/strong>o rellenar el <strong> formulario.<\/strong><\/p>\n<p>\u00bb content_last_edited=\u00bbon|phone\u00bb _builder_version=\u00bb4.20.2&#8243; _module_preset=\u00bbbe68ce56-fefe-4451-82fb-1264e5b7535c\u00bb text_font=\u00bbhazelnut regualr||||||||\u00bb text_text_color=\u00bb#FFFFFF\u00bb text_font_size=\u00bb17px\u00bb global_colors_info=\u00bb{}\u00bb]<\/p>\n<p>Puedes llamarme por <strong> tel\u00e9fono<\/strong>, escribir un <strong>e-mail <\/strong><br \/>o rellenar el <strong> formulario.<\/strong><\/p>\n<p>[\/et_pb_text][et_pb_text _builder_version=\u00bb4.20.2&#8243; _module_preset=\u00bbbe68ce56-fefe-4451-82fb-1264e5b7535c\u00bb text_font=\u00bbhazelnut regualr||||||||\u00bb text_text_color=\u00bb#FFFFFF\u00bb text_font_size=\u00bb14px\u00bb global_colors_info=\u00bb{}\u00bb]<\/p>\n<p>San Cristobal s\/n. Apto. 1\u00ba.<br \/>22336. Morillo de Moncl\u00fas. Huesca<br \/>Telf. <strong>686 839 253<\/strong><br \/><strong>creativa@lorenacampo.com<\/strong><\/p>\n<p>[\/et_pb_text][et_pb_social_media_follow _builder_version=\u00bb4.19.2&#8243; _module_preset=\u00bbdefault\u00bb text_orientation=\u00bbleft\u00bb border_radii=\u00bbon|43px|43px|43px|43px\u00bb locked=\u00bboff\u00bb global_colors_info=\u00bb{}\u00bb][et_pb_social_media_follow_network social_network=\u00bbfacebook\u00bb _builder_version=\u00bb4.19.2&#8243; _module_preset=\u00bbdefault\u00bb background_color=\u00bb#000000&#8243; background_enable_color=\u00bbon\u00bb global_colors_info=\u00bb{}\u00bb follow_button=\u00bboff\u00bb url_new_window=\u00bbon\u00bb]facebook[\/et_pb_social_media_follow_network][et_pb_social_media_follow_network social_network=\u00bbtwitter\u00bb _builder_version=\u00bb4.19.2&#8243; _module_preset=\u00bbdefault\u00bb background_color=\u00bb#000000&#8243; background_enable_color=\u00bbon\u00bb global_colors_info=\u00bb{}\u00bb follow_button=\u00bboff\u00bb url_new_window=\u00bbon\u00bb]twitter[\/et_pb_social_media_follow_network][et_pb_social_media_follow_network social_network=\u00bbinstagram\u00bb _builder_version=\u00bb4.19.2&#8243; _module_preset=\u00bbdefault\u00bb background_color=\u00bb#000000&#8243; background_enable_color=\u00bbon\u00bb global_colors_info=\u00bb{}\u00bb follow_button=\u00bboff\u00bb url_new_window=\u00bbon\u00bb]instagram[\/et_pb_social_media_follow_network][et_pb_social_media_follow_network social_network=\u00bbyoutube\u00bb _builder_version=\u00bb4.19.2&#8243; _module_preset=\u00bbdefault\u00bb background_color=\u00bb#000000&#8243; background_enable_color=\u00bbon\u00bb global_colors_info=\u00bb{}\u00bb follow_button=\u00bboff\u00bb url_new_window=\u00bbon\u00bb]youtube[\/et_pb_social_media_follow_network][\/et_pb_social_media_follow][\/et_pb_column][et_pb_column type=\u00bb1_2&#8243; _builder_version=\u00bb4.19.1&#8243; _module_preset=\u00bbdefault\u00bb global_colors_info=\u00bb{}\u00bb][et_pb_contact_form email=\u00bbcreativa@lorenacampo.com\u00bb _builder_version=\u00bb4.22.1&#8243; _module_preset=\u00bb64379a36-a8bf-41e6-b7de-74d5254e01ee\u00bb captcha_font=\u00bbhazelnut regualr|500|||||||\u00bb captcha_text_color=\u00bb#FFFFFF\u00bb captcha_font_size=\u00bb20px\u00bb form_field_font=\u00bbhazelnut medium|600||on|||||\u00bb form_field_letter_spacing=\u00bb1px\u00bb button_font=\u00bbhazelnut regualr|700||on|||||\u00bb custom_margin=\u00bb||||false|false\u00bb locked=\u00bboff\u00bb global_colors_info=\u00bb{}\u00bb][et_pb_contact_field field_id=\u00bbName\u00bb field_title=\u00bbNombre\u00bb fullwidth_field=\u00bbon\u00bb _builder_version=\u00bb4.22.1&#8243; _module_preset=\u00bbdefault\u00bb global_colors_info=\u00bb{}\u00bb button_text_size__hover_enabled=\u00bboff\u00bb button_one_text_size__hover_enabled=\u00bboff\u00bb button_two_text_size__hover_enabled=\u00bboff\u00bb button_text_color__hover_enabled=\u00bboff\u00bb button_one_text_color__hover_enabled=\u00bboff\u00bb button_two_text_color__hover_enabled=\u00bboff\u00bb button_border_width__hover_enabled=\u00bboff\u00bb button_one_border_width__hover_enabled=\u00bboff\u00bb button_two_border_width__hover_enabled=\u00bboff\u00bb button_border_color__hover_enabled=\u00bboff\u00bb button_one_border_color__hover_enabled=\u00bboff\u00bb button_two_border_color__hover_enabled=\u00bboff\u00bb button_border_radius__hover_enabled=\u00bboff\u00bb button_one_border_radius__hover_enabled=\u00bboff\u00bb button_two_border_radius__hover_enabled=\u00bboff\u00bb button_letter_spacing__hover_enabled=\u00bboff\u00bb button_one_letter_spacing__hover_enabled=\u00bboff\u00bb button_two_letter_spacing__hover_enabled=\u00bboff\u00bb button_bg_color__hover_enabled=\u00bboff\u00bb button_one_bg_color__hover_enabled=\u00bboff\u00bb button_two_bg_color__hover_enabled=\u00bboff\u00bb][\/et_pb_contact_field][et_pb_contact_field field_id=\u00bbEmail\u00bb field_title=\u00bbEmail\u00bb field_type=\u00bbemail\u00bb fullwidth_field=\u00bbon\u00bb _builder_version=\u00bb4.20.2&#8243; _module_preset=\u00bbdefault\u00bb global_colors_info=\u00bb{}\u00bb button_text_size__hover_enabled=\u00bboff\u00bb button_one_text_size__hover_enabled=\u00bboff\u00bb button_two_text_size__hover_enabled=\u00bboff\u00bb button_text_color__hover_enabled=\u00bboff\u00bb button_one_text_color__hover_enabled=\u00bboff\u00bb button_two_text_color__hover_enabled=\u00bboff\u00bb button_border_width__hover_enabled=\u00bboff\u00bb button_one_border_width__hover_enabled=\u00bboff\u00bb button_two_border_width__hover_enabled=\u00bboff\u00bb button_border_color__hover_enabled=\u00bboff\u00bb button_one_border_color__hover_enabled=\u00bboff\u00bb button_two_border_color__hover_enabled=\u00bboff\u00bb button_border_radius__hover_enabled=\u00bboff\u00bb button_one_border_radius__hover_enabled=\u00bboff\u00bb button_two_border_radius__hover_enabled=\u00bboff\u00bb button_letter_spacing__hover_enabled=\u00bboff\u00bb button_one_letter_spacing__hover_enabled=\u00bboff\u00bb button_two_letter_spacing__hover_enabled=\u00bboff\u00bb button_bg_color__hover_enabled=\u00bboff\u00bb button_one_bg_color__hover_enabled=\u00bboff\u00bb button_two_bg_color__hover_enabled=\u00bboff\u00bb][\/et_pb_contact_field][et_pb_contact_field field_id=\u00bbMessage\u00bb field_title=\u00bbMensaje\u00bb field_type=\u00bbtext\u00bb fullwidth_field=\u00bbon\u00bb _builder_version=\u00bb4.20.2&#8243; _module_preset=\u00bbdefault\u00bb global_colors_info=\u00bb{}\u00bb button_text_size__hover_enabled=\u00bboff\u00bb button_one_text_size__hover_enabled=\u00bboff\u00bb button_two_text_size__hover_enabled=\u00bboff\u00bb button_text_color__hover_enabled=\u00bboff\u00bb button_one_text_color__hover_enabled=\u00bboff\u00bb button_two_text_color__hover_enabled=\u00bboff\u00bb button_border_width__hover_enabled=\u00bboff\u00bb button_one_border_width__hover_enabled=\u00bboff\u00bb button_two_border_width__hover_enabled=\u00bboff\u00bb button_border_color__hover_enabled=\u00bboff\u00bb button_one_border_color__hover_enabled=\u00bboff\u00bb button_two_border_color__hover_enabled=\u00bboff\u00bb button_border_radius__hover_enabled=\u00bboff\u00bb button_one_border_radius__hover_enabled=\u00bboff\u00bb button_two_border_radius__hover_enabled=\u00bboff\u00bb button_letter_spacing__hover_enabled=\u00bboff\u00bb button_one_letter_spacing__hover_enabled=\u00bboff\u00bb button_two_letter_spacing__hover_enabled=\u00bboff\u00bb button_bg_color__hover_enabled=\u00bboff\u00bb button_one_bg_color__hover_enabled=\u00bboff\u00bb button_two_bg_color__hover_enabled=\u00bboff\u00bb][\/et_pb_contact_field][\/et_pb_contact_form][\/et_pb_column][\/et_pb_row][\/et_pb_section]<\/p>\n","protected":false},"excerpt":{"rendered":"<p>Campa\u00f1as de sensibilizaci\u00f3n ambientalEl momento es \u00a1Ahora! Mejora tus h\u00e1bitos para mejorar el climaS\u00ed a la org\u00e1nica! S\u00ed al marr\u00f3n!Organiza organizando&#8230;menos desperdicios alimentarios estamos generandoExposici\u00f3n itinerante \u00abGracias por reciclar, tu esfuerzo se notar\u00e1\u00bbLorena CampoPuedes llamarme por tel\u00e9fono, escribir un e-mail o rellenar el formulario.San Cristobal s\/n. Apto. 1\u00ba.22336. Morillo de Moncl\u00fas. HuescaTelf. 686 839 253creativa@lorenacampo.com<\/p>\n","protected":false},"author":1,"featured_media":0,"parent":0,"menu_order":0,"comment_status":"closed","ping_status":"closed","template":"","meta":{"_et_pb_use_builder":"on","_et_pb_old_content":"","_et_gb_content_width":"","footnotes":""},"class_list":["post-489","page","type-page","status-publish","hentry"],"aioseo_notices":[],"_links":{"self":[{"href":"https:\/\/lorenacampo.com\/index.php\/wp-json\/wp\/v2\/pages\/489","targetHints":{"allow":["GET"]}}],"collection":[{"href":"https:\/\/lorenacampo.com\/index.php\/wp-json\/wp\/v2\/pages"}],"about":[{"href":"https:\/\/lorenacampo.com\/index.php\/wp-json\/wp\/v2\/types\/page"}],"author":[{"embeddable":true,"href":"https:\/\/lorenacampo.com\/index.php\/wp-json\/wp\/v2\/users\/1"}],"replies":[{"embeddable":true,"href":"https:\/\/lorenacampo.com\/index.php\/wp-json\/wp\/v2\/comments?post=489"}],"version-history":[{"count":27,"href":"https:\/\/lorenacampo.com\/index.php\/wp-json\/wp\/v2\/pages\/489\/revisions"}],"predecessor-version":[{"id":1859,"href":"https:\/\/lorenacampo.com\/index.php\/wp-json\/wp\/v2\/pages\/489\/revisions\/1859"}],"wp:attachment":[{"href":"https:\/\/lorenacampo.com\/index.php\/wp-json\/wp\/v2\/media?parent=489"}],"curies":[{"name":"wp","href":"https:\/\/api.w.org\/{rel}","templated":true}]}}